{"id":6876,"date":"2025-12-18T15:48:34","date_gmt":"2025-12-18T20:48:34","guid":{"rendered":"https:\/\/www.parcmarievictorin.com\/parc-marie-victorin-museum\/"},"modified":"2025-12-18T15:56:12","modified_gmt":"2025-12-18T20:56:12","slug":"parc-marie-victorin-museum","status":"publish","type":"page","link":"https:\/\/www.parcmarievictorin.com\/en\/parc-marie-victorin-museum\/","title":{"rendered":"Parc Marie-Victorin Museum"},"content":{"rendered":"<style>.kb-row-layout-id5576_994c88-b2 > .kt-row-column-wrap{align-content:start;}:where(.kb-row-layout-id5576_994c88-b2 > .kt-row-column-wrap) > .wp-block-kadence-column{justify-content:start;}.kb-row-layout-id5576_994c88-b2 > .kt-row-column-wrap{column-gap:80px;row-gap:20px;max-width:var( --global-content-width, 1290px );padding-left:var(--global-content-edge-padding);padding-right:var(--global-content-edge-padding);padding-top:4px;padding-bottom:1px;grid-template-columns:repeat(2, minmax(0, 1fr));}.kb-row-layout-id5576_994c88-b2 > .kt-row-layout-overlay{opacity:0.30;}@media all and (max-width: 1024px){.kb-row-layout-id5576_994c88-b2 > .kt-row-column-wrap{padding-top:70px;padding-bottom:70px;grid-template-columns:repeat(2, minmax(0, 1fr));}}@media all and (max-width: 767px){.kb-row-layout-id5576_994c88-b2 > .kt-row-column-wrap{padding-top:40px;padding-right:20px;padding-bottom:40px;padding-left:20px;grid-template-columns:minmax(0, 1fr);}}<\/style><section class=\"kb-row-layout-wrap kb-row-layout-id5576_994c88-b2 alignfull wp-block-kadence-rowlayout\"><div class=\"kt-row-column-wrap kt-has-2-columns kt-row-layout-equal kt-tab-layout-inherit kt-mobile-layout-row kt-row-valign-top kb-theme-content-width\">\n<style>.kadence-column5576_8bdf9b-a1 > .kt-inside-inner-col,.kadence-column5576_8bdf9b-a1 > .kt-inside-inner-col:before{border-top-left-radius:0px;border-top-right-radius:0px;border-bottom-right-radius:0px;border-bottom-left-radius:0px;}.kadence-column5576_8bdf9b-a1 > .kt-inside-inner-col{column-gap:var(--global-kb-gap-sm, 1rem);}.kadence-column5576_8bdf9b-a1 > .kt-inside-inner-col{flex-direction:column;}.kadence-column5576_8bdf9b-a1 > .kt-inside-inner-col > .aligncenter{width:100%;}.kadence-column5576_8bdf9b-a1 > .kt-inside-inner-col:before{opacity:0.3;}.kadence-column5576_8bdf9b-a1{position:relative;}@media all and (max-width: 1024px){.kadence-column5576_8bdf9b-a1 > .kt-inside-inner-col{flex-direction:column;justify-content:center;}}@media all and (max-width: 767px){.kadence-column5576_8bdf9b-a1 > .kt-inside-inner-col{flex-direction:column;justify-content:center;}}<\/style>\n<div class=\"wp-block-kadence-column kadence-column5576_8bdf9b-a1 inner-column-1\"><div class=\"kt-inside-inner-col\">\n<figure class=\"wp-block-gallery has-nested-images columns-2 is-cropped wp-block-gallery-1 is-layout-flex wp-block-gallery-is-layout-flex\">\n<figure class=\"wp-block-image size-large\"><img decoding=\"async\" width=\"1024\" height=\"747\" data-id=\"5577\" src=\"https:\/\/www.parcmarievictorin.com\/wp-content\/uploads\/2025\/05\/musee-fonte_jardins-Marie-Victorin-1024x747.jpg\" alt=\"\" class=\"wp-image-5577\" title=\"\" srcset=\"https:\/\/www.parcmarievictorin.com\/wp-content\/uploads\/2025\/05\/musee-fonte_jardins-Marie-Victorin-1024x747.jpg 1024w, https:\/\/www.parcmarievictorin.com\/wp-content\/uploads\/2025\/05\/musee-fonte_jardins-Marie-Victorin-300x219.jpg 300w, https:\/\/www.parcmarievictorin.com\/wp-content\/uploads\/2025\/05\/musee-fonte_jardins-Marie-Victorin-150x109.jpg 150w, https:\/\/www.parcmarievictorin.com\/wp-content\/uploads\/2025\/05\/musee-fonte_jardins-Marie-Victorin-768x560.jpg 768w, https:\/\/www.parcmarievictorin.com\/wp-content\/uploads\/2025\/05\/musee-fonte_jardins-Marie-Victorin-1536x1120.jpg 1536w, https:\/\/www.parcmarievictorin.com\/wp-content\/uploads\/2025\/05\/musee-fonte_jardins-Marie-Victorin-1200x875.jpg 1200w, https:\/\/www.parcmarievictorin.com\/wp-content\/uploads\/2025\/05\/musee-fonte_jardins-Marie-Victorin-900x656.jpg 900w, https:\/\/www.parcmarievictorin.com\/wp-content\/uploads\/2025\/05\/musee-fonte_jardins-Marie-Victorin-1500x1094.jpg 1500w, https:\/\/www.parcmarievictorin.com\/wp-content\/uploads\/2025\/05\/musee-fonte_jardins-Marie-Victorin.jpg 1920w\" sizes=\"(max-width: 1024px) 100vw, 1024px\" \/><\/figure>\n\n\n\n<figure class=\"wp-block-image size-large\"><img decoding=\"async\" width=\"1024\" height=\"903\" data-id=\"5902\" src=\"https:\/\/www.parcmarievictorin.com\/wp-content\/uploads\/2025\/06\/musee_centre-du-quebec_fonte_Parc-Marie-Victorin-1024x903.jpg\" alt=\"\" class=\"wp-image-5902\" title=\"\" srcset=\"https:\/\/www.parcmarievictorin.com\/wp-content\/uploads\/2025\/06\/musee_centre-du-quebec_fonte_Parc-Marie-Victorin-1024x903.jpg 1024w, https:\/\/www.parcmarievictorin.com\/wp-content\/uploads\/2025\/06\/musee_centre-du-quebec_fonte_Parc-Marie-Victorin-300x265.jpg 300w, https:\/\/www.parcmarievictorin.com\/wp-content\/uploads\/2025\/06\/musee_centre-du-quebec_fonte_Parc-Marie-Victorin-150x132.jpg 150w, https:\/\/www.parcmarievictorin.com\/wp-content\/uploads\/2025\/06\/musee_centre-du-quebec_fonte_Parc-Marie-Victorin-768x678.jpg 768w, https:\/\/www.parcmarievictorin.com\/wp-content\/uploads\/2025\/06\/musee_centre-du-quebec_fonte_Parc-Marie-Victorin-1536x1355.jpg 1536w, https:\/\/www.parcmarievictorin.com\/wp-content\/uploads\/2025\/06\/musee_centre-du-quebec_fonte_Parc-Marie-Victorin-1700x1500.jpg 1700w, https:\/\/www.parcmarievictorin.com\/wp-content\/uploads\/2025\/06\/musee_centre-du-quebec_fonte_Parc-Marie-Victorin-1020x900.jpg 1020w, https:\/\/www.parcmarievictorin.com\/wp-content\/uploads\/2025\/06\/musee_centre-du-quebec_fonte_Parc-Marie-Victorin-900x794.jpg 900w, https:\/\/www.parcmarievictorin.com\/wp-content\/uploads\/2025\/06\/musee_centre-du-quebec_fonte_Parc-Marie-Victorin-1500x1323.jpg 1500w, https:\/\/www.parcmarievictorin.com\/wp-content\/uploads\/2025\/06\/musee_centre-du-quebec_fonte_Parc-Marie-Victorin.jpg 1920w\" sizes=\"(max-width: 1024px) 100vw, 1024px\" \/><\/figure>\n\n\n\n<figure class=\"wp-block-image size-large\"><img decoding=\"async\" width=\"1024\" height=\"683\" data-id=\"5873\" src=\"https:\/\/www.parcmarievictorin.com\/wp-content\/uploads\/2025\/06\/la-nouvelle-musee-1024x683.jpg\" alt=\"\" class=\"wp-image-5873\" title=\"\" srcset=\"https:\/\/www.parcmarievictorin.com\/wp-content\/uploads\/2025\/06\/la-nouvelle-musee-1024x683.jpg 1024w, https:\/\/www.parcmarievictorin.com\/wp-content\/uploads\/2025\/06\/la-nouvelle-musee-300x200.jpg 300w, https:\/\/www.parcmarievictorin.com\/wp-content\/uploads\/2025\/06\/la-nouvelle-musee-150x100.jpg 150w, https:\/\/www.parcmarievictorin.com\/wp-content\/uploads\/2025\/06\/la-nouvelle-musee-768x512.jpg 768w, https:\/\/www.parcmarievictorin.com\/wp-content\/uploads\/2025\/06\/la-nouvelle-musee-1200x800.jpg 1200w, https:\/\/www.parcmarievictorin.com\/wp-content\/uploads\/2025\/06\/la-nouvelle-musee-900x600.jpg 900w, https:\/\/www.parcmarievictorin.com\/wp-content\/uploads\/2025\/06\/la-nouvelle-musee-1500x1000.jpg 1500w, https:\/\/www.parcmarievictorin.com\/wp-content\/uploads\/2025\/06\/la-nouvelle-musee.jpg 1536w\" sizes=\"(max-width: 1024px) 100vw, 1024px\" \/><figcaption class=\"wp-element-caption\">(Photo www.lanouvelle.net)<\/figcaption><\/figure>\n<\/figure>\n<\/div><\/div>\n\n\n<style>.kadence-column5576_d0525b-18 > .kt-inside-inner-col,.kadence-column5576_d0525b-18 > .kt-inside-inner-col:before{border-top-left-radius:0px;border-top-right-radius:0px;border-bottom-right-radius:0px;border-bottom-left-radius:0px;}.kadence-column5576_d0525b-18 > .kt-inside-inner-col{column-gap:var(--global-kb-gap-sm, 1rem);}.kadence-column5576_d0525b-18 > .kt-inside-inner-col{flex-direction:column;}.kadence-column5576_d0525b-18 > .kt-inside-inner-col > .aligncenter{width:100%;}.kadence-column5576_d0525b-18 > .kt-inside-inner-col:before{opacity:0.3;}.kadence-column5576_d0525b-18{position:relative;}@media all and (max-width: 1024px){.kadence-column5576_d0525b-18 > .kt-inside-inner-col{flex-direction:column;justify-content:center;}}@media all and (max-width: 767px){.kadence-column5576_d0525b-18 > .kt-inside-inner-col{flex-direction:column;justify-content:center;}}<\/style>\n<div class=\"wp-block-kadence-column kadence-column5576_d0525b-18 inner-column-2\"><div class=\"kt-inside-inner-col\"><style>.wp-block-kadence-advancedheading.kt-adv-heading5576_cc748b-ec, .wp-block-kadence-advancedheading.kt-adv-heading5576_cc748b-ec[data-kb-block=\"kb-adv-heading5576_cc748b-ec\"]{margin-top:5px;font-size:var(--global-kb-font-size-xxl, 4rem);font-style:normal;}.wp-block-kadence-advancedheading.kt-adv-heading5576_cc748b-ec mark.kt-highlight, .wp-block-kadence-advancedheading.kt-adv-heading5576_cc748b-ec[data-kb-block=\"kb-adv-heading5576_cc748b-ec\"] mark.kt-highlight{font-style:normal;color:#f76a0c;-webkit-box-decoration-break:clone;box-decoration-break:clone;padding-top:0px;padding-right:0px;padding-bottom:0px;padding-left:0px;}<\/style>\n<h2 class=\"kt-adv-heading5576_cc748b-ec wp-block-kadence-advancedheading\" data-kb-block=\"kb-adv-heading5576_cc748b-ec\">NEW!<\/h2>\n\n\n<style>.wp-block-kadence-advancedheading.kt-adv-heading5576_0d7f5a-fb, .wp-block-kadence-advancedheading.kt-adv-heading5576_0d7f5a-fb[data-kb-block=\"kb-adv-heading5576_0d7f5a-fb\"]{margin-top:5px;line-height:1em;font-style:normal;}.wp-block-kadence-advancedheading.kt-adv-heading5576_0d7f5a-fb mark.kt-highlight, .wp-block-kadence-advancedheading.kt-adv-heading5576_0d7f5a-fb[data-kb-block=\"kb-adv-heading5576_0d7f5a-fb\"] mark.kt-highlight{font-style:normal;color:#f76a0c;-webkit-box-decoration-break:clone;box-decoration-break:clone;padding-top:0px;padding-right:0px;padding-bottom:0px;padding-left:0px;}<\/style>\n<h2 class=\"kt-adv-heading5576_0d7f5a-fb wp-block-kadence-advancedheading\" data-kb-block=\"kb-adv-heading5576_0d7f5a-fb\">1 museum and 2 exhibitions<\/h2>\n\n\n\n<p><\/p>\n\n\n\n<p>This new large-scale contemporary facility further strengthens the museum dimension of Parc Marie-Victorin, which has been officially recognized as a museum institution since 2019 by the <a href=\"https:\/\/www.musees.qc.ca\/musees\/index.html\" target=\"_blank\" rel=\"noopener\">Soci\u00e9t\u00e9 des mus\u00e9es du Qu\u00e9bec<\/a>.<\/p>\n\n\n\n<p>Drawing on the idea of digging\u2014both in ironworking and in agriculture\u2014the architectural concept is based on a gesture of insertion into the land of the park.<\/p>\n\n\n\n<p>The building\u2019s layout opens onto a central trench that highlights majestic conifers and creates a visual perspective on the landscape, weaving this museum space into the gardens. In addition, a green roof and a rooftop terrace offer views of the river, the museum reserve, agricultural fields, and the terraced edible planting stands.<\/p>\n<\/div><\/div>\n\n<\/div><\/section>\n<h2 class=\"wp-block-heading has-text-align-center has-xxlarge-font-size\">2 exhibitions not to be missed!<\/h2>\n<style>.kb-row-layout-id5576_c95176-c1 > .kt-row-column-wrap{align-content:start;}:where(.kb-row-layout-id5576_c95176-c1 > .kt-row-column-wrap) > .wp-block-kadence-column{justify-content:start;}.kb-row-layout-id5576_c95176-c1 > .kt-row-column-wrap{column-gap:80px;row-gap:20px;max-width:var( --global-content-width, 1290px );padding-left:var(--global-content-edge-padding);padding-right:var(--global-content-edge-padding);padding-top:4px;padding-bottom:100px;grid-template-columns:repeat(2, minmax(0, 1fr));}.kb-row-layout-id5576_c95176-c1 > .kt-row-layout-overlay{opacity:0.30;}@media all and (max-width: 1024px){.kb-row-layout-id5576_c95176-c1 > .kt-row-column-wrap{padding-top:70px;padding-bottom:70px;grid-template-columns:repeat(2, minmax(0, 1fr));}}@media all and (max-width: 767px){.kb-row-layout-id5576_c95176-c1 > .kt-row-column-wrap{padding-top:40px;padding-right:20px;padding-bottom:40px;padding-left:20px;grid-template-columns:minmax(0, 1fr);}}<\/style><section class=\"kb-row-layout-wrap kb-row-layout-id5576_c95176-c1 alignfull wp-block-kadence-rowlayout\"><div class=\"kt-row-column-wrap kt-has-2-columns kt-row-layout-equal kt-tab-layout-inherit kt-mobile-layout-row kt-row-valign-top kb-theme-content-width\">\n<style>.kadence-column5576_8c7329-e6 > .kt-inside-inner-col,.kadence-column5576_8c7329-e6 > .kt-inside-inner-col:before{border-top-left-radius:0px;border-top-right-radius:0px;border-bottom-right-radius:0px;border-bottom-left-radius:0px;}.kadence-column5576_8c7329-e6 > .kt-inside-inner-col{column-gap:var(--global-kb-gap-sm, 1rem);}.kadence-column5576_8c7329-e6 > .kt-inside-inner-col{flex-direction:column;}.kadence-column5576_8c7329-e6 > .kt-inside-inner-col > .aligncenter{width:100%;}.kadence-column5576_8c7329-e6 > .kt-inside-inner-col:before{opacity:0.3;}.kadence-column5576_8c7329-e6{position:relative;}@media all and (max-width: 1024px){.kadence-column5576_8c7329-e6 > .kt-inside-inner-col{flex-direction:column;justify-content:center;}}@media all and (max-width: 767px){.kadence-column5576_8c7329-e6 > .kt-inside-inner-col{flex-direction:column;justify-content:center;}}<\/style>\n<div class=\"wp-block-kadence-column kadence-column5576_8c7329-e6 inner-column-1\"><div class=\"kt-inside-inner-col\"><div class=\"wp-block-image\">\n<figure class=\"aligncenter size-full is-resized\"><img decoding=\"async\" src=\"https:\/\/www.parcmarievictorin.com\/wp-content\/uploads\/2025\/06\/exposition-antiquite_fonte_parc-marie-victorin-1.svg\" alt=\"\" class=\"wp-image-5906\" style=\"aspect-ratio:1;width:359px;height:auto\" title=\"\"><\/figure><\/div>\n\n\n<h3 class=\"wp-block-heading\">CAST IRON: THE FIRE WITHIN<\/h3>\n\n\n\n<p>Versatile, cast iron adapts to a wide range of uses\u2014from delicate irons used to mark fabric to robust industrial machinery; from a few grams to several tons!<\/p>\n\n\n\n<p>The artifacts come from the collection of Mr. Alain Lemaire, co-founder of Cascades and a seasoned collector, fascinated by the durability of cast iron as well as the skill of the molders. He has assembled the largest private cast-iron collection in North America!<\/p>\n\n\n\n<p>From the kitchen to the factory, discover this material that became an essential companion in every aspect of daily life at the beginning of the 20th century. Iconic and bringing people together, some pieces are still part of our lives today\u2026<\/p>\n\n\n\n<h4 class=\"wp-block-heading\">WHO DOESN\u2019T HAVE GREAT MEMORIES AROUND A WOOD-BURNING STOVE?<\/h4>\n\n\n\n<p><\/p>\n\n\n\n<figure class=\"wp-block-gallery has-nested-images columns-2 is-cropped wp-block-gallery-2 is-layout-flex wp-block-gallery-is-layout-flex\">\n<figure class=\"wp-block-image size-large\"><img decoding=\"async\" width=\"1024\" height=\"747\" data-id=\"5579\" src=\"https:\/\/www.parcmarievictorin.com\/wp-content\/uploads\/2025\/05\/musee-antique-fonte_jardins-Marie-Victorin-1024x747.jpg\" alt=\"\" class=\"wp-image-5579\" title=\"\" srcset=\"https:\/\/www.parcmarievictorin.com\/wp-content\/uploads\/2025\/05\/musee-antique-fonte_jardins-Marie-Victorin-1024x747.jpg 1024w, https:\/\/www.parcmarievictorin.com\/wp-content\/uploads\/2025\/05\/musee-antique-fonte_jardins-Marie-Victorin-300x219.jpg 300w, https:\/\/www.parcmarievictorin.com\/wp-content\/uploads\/2025\/05\/musee-antique-fonte_jardins-Marie-Victorin-150x109.jpg 150w, https:\/\/www.parcmarievictorin.com\/wp-content\/uploads\/2025\/05\/musee-antique-fonte_jardins-Marie-Victorin-768x560.jpg 768w, https:\/\/www.parcmarievictorin.com\/wp-content\/uploads\/2025\/05\/musee-antique-fonte_jardins-Marie-Victorin-1536x1120.jpg 1536w, https:\/\/www.parcmarievictorin.com\/wp-content\/uploads\/2025\/05\/musee-antique-fonte_jardins-Marie-Victorin-1200x875.jpg 1200w, https:\/\/www.parcmarievictorin.com\/wp-content\/uploads\/2025\/05\/musee-antique-fonte_jardins-Marie-Victorin-900x656.jpg 900w, https:\/\/www.parcmarievictorin.com\/wp-content\/uploads\/2025\/05\/musee-antique-fonte_jardins-Marie-Victorin-1500x1094.jpg 1500w, https:\/\/www.parcmarievictorin.com\/wp-content\/uploads\/2025\/05\/musee-antique-fonte_jardins-Marie-Victorin.jpg 1920w\" sizes=\"(max-width: 1024px) 100vw, 1024px\" \/><\/figure>\n\n\n\n<figure class=\"wp-block-image size-large\"><img decoding=\"async\" width=\"1024\" height=\"683\" data-id=\"5910\" src=\"https:\/\/www.parcmarievictorin.com\/wp-content\/uploads\/2025\/06\/Inauguration-Parc-26-mai-2025-116-1024x683.jpg\" alt=\"\" class=\"wp-image-5910\" title=\"\" srcset=\"https:\/\/www.parcmarievictorin.com\/wp-content\/uploads\/2025\/06\/Inauguration-Parc-26-mai-2025-116-1024x683.jpg 1024w, https:\/\/www.parcmarievictorin.com\/wp-content\/uploads\/2025\/06\/Inauguration-Parc-26-mai-2025-116-300x200.jpg 300w, https:\/\/www.parcmarievictorin.com\/wp-content\/uploads\/2025\/06\/Inauguration-Parc-26-mai-2025-116-150x100.jpg 150w, https:\/\/www.parcmarievictorin.com\/wp-content\/uploads\/2025\/06\/Inauguration-Parc-26-mai-2025-116-768x512.jpg 768w, https:\/\/www.parcmarievictorin.com\/wp-content\/uploads\/2025\/06\/Inauguration-Parc-26-mai-2025-116-1536x1024.jpg 1536w, https:\/\/www.parcmarievictorin.com\/wp-content\/uploads\/2025\/06\/Inauguration-Parc-26-mai-2025-116-1200x800.jpg 1200w, https:\/\/www.parcmarievictorin.com\/wp-content\/uploads\/2025\/06\/Inauguration-Parc-26-mai-2025-116-900x600.jpg 900w, https:\/\/www.parcmarievictorin.com\/wp-content\/uploads\/2025\/06\/Inauguration-Parc-26-mai-2025-116-1500x1000.jpg 1500w, https:\/\/www.parcmarievictorin.com\/wp-content\/uploads\/2025\/06\/Inauguration-Parc-26-mai-2025-116.jpg 1920w\" sizes=\"(max-width: 1024px) 100vw, 1024px\" \/><\/figure>\n\n\n\n<figure class=\"wp-block-image size-large\"><img decoding=\"async\" width=\"1024\" height=\"683\" data-id=\"5912\" src=\"https:\/\/www.parcmarievictorin.com\/wp-content\/uploads\/2025\/06\/Inauguration-Parc-26-mai-2025-92-1024x683.jpg\" alt=\"\" class=\"wp-image-5912\" title=\"\" srcset=\"https:\/\/www.parcmarievictorin.com\/wp-content\/uploads\/2025\/06\/Inauguration-Parc-26-mai-2025-92-1024x683.jpg 1024w, https:\/\/www.parcmarievictorin.com\/wp-content\/uploads\/2025\/06\/Inauguration-Parc-26-mai-2025-92-300x200.jpg 300w, https:\/\/www.parcmarievictorin.com\/wp-content\/uploads\/2025\/06\/Inauguration-Parc-26-mai-2025-92-150x100.jpg 150w, https:\/\/www.parcmarievictorin.com\/wp-content\/uploads\/2025\/06\/Inauguration-Parc-26-mai-2025-92-768x512.jpg 768w, https:\/\/www.parcmarievictorin.com\/wp-content\/uploads\/2025\/06\/Inauguration-Parc-26-mai-2025-92-1536x1024.jpg 1536w, https:\/\/www.parcmarievictorin.com\/wp-content\/uploads\/2025\/06\/Inauguration-Parc-26-mai-2025-92-1200x800.jpg 1200w, https:\/\/www.parcmarievictorin.com\/wp-content\/uploads\/2025\/06\/Inauguration-Parc-26-mai-2025-92-900x600.jpg 900w, https:\/\/www.parcmarievictorin.com\/wp-content\/uploads\/2025\/06\/Inauguration-Parc-26-mai-2025-92-1500x1000.jpg 1500w, https:\/\/www.parcmarievictorin.com\/wp-content\/uploads\/2025\/06\/Inauguration-Parc-26-mai-2025-92.jpg 1920w\" sizes=\"(max-width: 1024px) 100vw, 1024px\" \/><\/figure>\n<\/figure>\n<\/div><\/div>\n\n\n<style>.kadence-column5576_c036c6-83 > .kt-inside-inner-col,.kadence-column5576_c036c6-83 > .kt-inside-inner-col:before{border-top-left-radius:0px;border-top-right-radius:0px;border-bottom-right-radius:0px;border-bottom-left-radius:0px;}.kadence-column5576_c036c6-83 > .kt-inside-inner-col{column-gap:var(--global-kb-gap-sm, 1rem);}.kadence-column5576_c036c6-83 > .kt-inside-inner-col{flex-direction:column;}.kadence-column5576_c036c6-83 > .kt-inside-inner-col > .aligncenter{width:100%;}.kadence-column5576_c036c6-83 > .kt-inside-inner-col:before{opacity:0.3;}.kadence-column5576_c036c6-83{position:relative;}@media all and (max-width: 1024px){.kadence-column5576_c036c6-83 > .kt-inside-inner-col{flex-direction:column;justify-content:center;}}@media all and (max-width: 767px){.kadence-column5576_c036c6-83 > .kt-inside-inner-col{flex-direction:column;justify-content:center;}}<\/style>\n<div class=\"wp-block-kadence-column kadence-column5576_c036c6-83 inner-column-2\"><div class=\"kt-inside-inner-col\"><div class=\"wp-block-image wp-duotone-unset-3\">\n<figure class=\"aligncenter size-full is-resized\"><img decoding=\"async\" width=\"828\" height=\"765\" src=\"https:\/\/www.parcmarievictorin.com\/wp-content\/uploads\/2025\/06\/exposition-Cascades_parc-marie-victorin.png\" alt=\"\" class=\"wp-image-5916\" style=\"width:383px;height:auto\" title=\"\" srcset=\"https:\/\/www.parcmarievictorin.com\/wp-content\/uploads\/2025\/06\/exposition-Cascades_parc-marie-victorin.png 828w, https:\/\/www.parcmarievictorin.com\/wp-content\/uploads\/2025\/06\/exposition-Cascades_parc-marie-victorin-300x277.png 300w, https:\/\/www.parcmarievictorin.com\/wp-content\/uploads\/2025\/06\/exposition-Cascades_parc-marie-victorin-150x139.png 150w, https:\/\/www.parcmarievictorin.com\/wp-content\/uploads\/2025\/06\/exposition-Cascades_parc-marie-victorin-768x710.png 768w\" sizes=\"(max-width: 828px) 100vw, 828px\" \/><\/figure><\/div>\n\n\n<h3 class=\"wp-block-heading\">CASCADES: MAKING SOMETHING NEW\u2026<\/h3>\n\n\n\n<p>Dive into the world of the Cascades company in the very heart of the municipality where it was founded.<\/p>\n\n\n\n<p>This exhibition highlights the impressive history of the company, a pioneer of sustainable development in Quebec. Through interactive installations, historical artifacts, and stories from Cascades employees, discover how the Lemaire family<br\/>started a small business that grew into a leader in the packaging and hygiene products industry.<\/p>\n\n\n\n<h4 class=\"wp-block-heading\">AN ENRICHING VISIT COMBINING INDUSTRIAL HERITAGE AND LOCAL PRIDE!<\/h4>\n\n\n\n<p><\/p>\n\n\n\n<figure class=\"wp-block-gallery has-nested-images columns-1 is-cropped wp-block-gallery-4 is-layout-flex wp-block-gallery-is-layout-flex\">\n<figure class=\"wp-block-image size-large\"><img decoding=\"async\" width=\"1024\" height=\"683\" data-id=\"5914\" src=\"https:\/\/www.parcmarievictorin.com\/wp-content\/uploads\/2025\/06\/Inauguration-Parc-26-mai-2025-53-1024x683.jpg\" alt=\"\" class=\"wp-image-5914\" title=\"\" srcset=\"https:\/\/www.parcmarievictorin.com\/wp-content\/uploads\/2025\/06\/Inauguration-Parc-26-mai-2025-53-1024x683.jpg 1024w, https:\/\/www.parcmarievictorin.com\/wp-content\/uploads\/2025\/06\/Inauguration-Parc-26-mai-2025-53-300x200.jpg 300w, https:\/\/www.parcmarievictorin.com\/wp-content\/uploads\/2025\/06\/Inauguration-Parc-26-mai-2025-53-150x100.jpg 150w, https:\/\/www.parcmarievictorin.com\/wp-content\/uploads\/2025\/06\/Inauguration-Parc-26-mai-2025-53-768x512.jpg 768w, https:\/\/www.parcmarievictorin.com\/wp-content\/uploads\/2025\/06\/Inauguration-Parc-26-mai-2025-53-1536x1024.jpg 1536w, https:\/\/www.parcmarievictorin.com\/wp-content\/uploads\/2025\/06\/Inauguration-Parc-26-mai-2025-53-1200x800.jpg 1200w, https:\/\/www.parcmarievictorin.com\/wp-content\/uploads\/2025\/06\/Inauguration-Parc-26-mai-2025-53-900x600.jpg 900w, https:\/\/www.parcmarievictorin.com\/wp-content\/uploads\/2025\/06\/Inauguration-Parc-26-mai-2025-53-1500x1000.jpg 1500w, https:\/\/www.parcmarievictorin.com\/wp-content\/uploads\/2025\/06\/Inauguration-Parc-26-mai-2025-53.jpg 1920w\" sizes=\"(max-width: 1024px) 100vw, 1024px\" \/><\/figure>\n\n\n\n<figure class=\"wp-block-image size-large\"><img decoding=\"async\" width=\"1024\" height=\"683\" data-id=\"5908\" src=\"https:\/\/www.parcmarievictorin.com\/wp-content\/uploads\/2025\/06\/Inauguration-Parc-26-mai-2025-122-1024x683.jpg\" alt=\"\" class=\"wp-image-5908\" title=\"\" srcset=\"https:\/\/www.parcmarievictorin.com\/wp-content\/uploads\/2025\/06\/Inauguration-Parc-26-mai-2025-122-1024x683.jpg 1024w, https:\/\/www.parcmarievictorin.com\/wp-content\/uploads\/2025\/06\/Inauguration-Parc-26-mai-2025-122-300x200.jpg 300w, https:\/\/www.parcmarievictorin.com\/wp-content\/uploads\/2025\/06\/Inauguration-Parc-26-mai-2025-122-150x100.jpg 150w, https:\/\/www.parcmarievictorin.com\/wp-content\/uploads\/2025\/06\/Inauguration-Parc-26-mai-2025-122-768x512.jpg 768w, https:\/\/www.parcmarievictorin.com\/wp-content\/uploads\/2025\/06\/Inauguration-Parc-26-mai-2025-122-1536x1024.jpg 1536w, https:\/\/www.parcmarievictorin.com\/wp-content\/uploads\/2025\/06\/Inauguration-Parc-26-mai-2025-122-1200x800.jpg 1200w, https:\/\/www.parcmarievictorin.com\/wp-content\/uploads\/2025\/06\/Inauguration-Parc-26-mai-2025-122-900x600.jpg 900w, https:\/\/www.parcmarievictorin.com\/wp-content\/uploads\/2025\/06\/Inauguration-Parc-26-mai-2025-122-1500x1000.jpg 1500w, https:\/\/www.parcmarievictorin.com\/wp-content\/uploads\/2025\/06\/Inauguration-Parc-26-mai-2025-122.jpg 1920w\" sizes=\"(max-width: 1024px) 100vw, 1024px\" \/><\/figure>\n<\/figure>\n<\/div><\/div>\n\n<\/div><\/section>","protected":false},"excerpt":{"rendered":"<p>NEW! 1 museum and 2 exhibitions This new large-scale contemporary facility further strengthens the museum dimension of Parc Marie-Victorin, which has been officially recognized as a museum institution since 2019 by the Soci\u00e9t\u00e9 des mus\u00e9es du Qu\u00e9bec. Drawing on the idea of digging\u2014both in ironworking and in agriculture\u2014the architectural concept is based on a gesture&#8230;<\/p>\n","protected":false},"author":34,"featured_media":5578,"parent":0,"menu_order":0,"comment_status":"closed","ping_status":"closed","template":"","meta":{"_acf_changed":false,"_kad_blocks_custom_css":"","_kad_blocks_head_custom_js":"","_kad_blocks_body_custom_js":"","_kad_blocks_footer_custom_js":"","_kad_post_transparent":"","_kad_post_title":"","_kad_post_layout":"","_kad_post_sidebar_id":"","_kad_post_content_style":"","_kad_post_vertical_padding":"","_kad_post_feature":"","_kad_post_feature_position":"","_kad_post_header":false,"_kad_post_footer":false,"footnotes":""},"class_list":["post-6876","page","type-page","status-publish","has-post-thumbnail","hentry"],"acf":[],"taxonomy_info":[],"featured_image_src_large":["https:\/\/www.parcmarievictorin.com\/wp-content\/uploads\/2025\/05\/musee-fonte_jardins-Marie-Victorin-1024x747.jpg",1024,747,true],"author_info":{"display_name":"mmbroussin","author_link":"https:\/\/www.parcmarievictorin.com\/en\/author\/mmbroussin\/"},"comment_info":0,"_links":{"self":[{"href":"https:\/\/www.parcmarievictorin.com\/en\/wp-json\/wp\/v2\/pages\/6876","targetHints":{"allow":["GET"]}}],"collection":[{"href":"https:\/\/www.parcmarievictorin.com\/en\/wp-json\/wp\/v2\/pages"}],"about":[{"href":"https:\/\/www.parcmarievictorin.com\/en\/wp-json\/wp\/v2\/types\/page"}],"author":[{"embeddable":true,"href":"https:\/\/www.parcmarievictorin.com\/en\/wp-json\/wp\/v2\/users\/34"}],"replies":[{"embeddable":true,"href":"https:\/\/www.parcmarievictorin.com\/en\/wp-json\/wp\/v2\/comments?post=6876"}],"version-history":[{"count":3,"href":"https:\/\/www.parcmarievictorin.com\/en\/wp-json\/wp\/v2\/pages\/6876\/revisions"}],"predecessor-version":[{"id":6879,"href":"https:\/\/www.parcmarievictorin.com\/en\/wp-json\/wp\/v2\/pages\/6876\/revisions\/6879"}],"wp:featuredmedia":[{"embeddable":true,"href":"https:\/\/www.parcmarievictorin.com\/en\/wp-json\/wp\/v2\/media\/5578"}],"wp:attachment":[{"href":"https:\/\/www.parcmarievictorin.com\/en\/wp-json\/wp\/v2\/media?parent=6876"}],"curies":[{"name":"wp","href":"https:\/\/api.w.org\/{rel}","templated":true}]}}